{"id":252,"date":"2024-04-04T11:58:51","date_gmt":"2024-04-04T11:58:51","guid":{"rendered":"https:\/\/pensiuneaioana.ro\/?page_id=252"},"modified":"2026-01-22T15:28:13","modified_gmt":"2026-01-22T15:28:13","slug":"camera-twin","status":"publish","type":"page","link":"https:\/\/pensiuneaioana.ro\/index.php\/camera-twin\/","title":{"rendered":"CAMER\u0102 TWIN"},"content":{"rendered":"\t\t<div data-elementor-type=\"wp-page\" data-elementor-id=\"252\" class=\"elementor elementor-252\">\n\t\t\t\t<div class=\"elementor-element elementor-element-fb3e125 e-flex e-con-boxed e-con e-parent\" data-id=\"fb3e125\" data-element_type=\"container\">\n\t\t\t\t\t<div class=\"e-con-inner\">\n\t\t\t\t<div class=\"elementor-element elementor-element-187daf3 elementor-widget__width-initial elementor-widget elementor-widget-image\" data-id=\"187daf3\" data-element_type=\"widget\" data-widget_type=\"image.default\">\n\t\t\t\t<div class=\"elementor-widget-container\">\n\t\t\t\t\t\t\t\t\t\t\t\t\t\t\t<img fetchpriority=\"high\" decoding=\"async\" width=\"1920\" height=\"1280\" src=\"https:\/\/pensiuneaioana.ro\/wp-content\/uploads\/2024\/04\/Pensiunea-Ioana-Receptie-1-1.jpg\" class=\"attachment-full size-full wp-image-62\" alt=\"\" srcset=\"https:\/\/pensiuneaioana.ro\/wp-content\/uploads\/2024\/04\/Pensiunea-Ioana-Receptie-1-1.jpg 1920w, https:\/\/pensiuneaioana.ro\/wp-content\/uploads\/2024\/04\/Pensiunea-Ioana-Receptie-1-1-300x200.jpg 300w, https:\/\/pensiuneaioana.ro\/wp-content\/uploads\/2024\/04\/Pensiunea-Ioana-Receptie-1-1-1024x683.jpg 1024w, https:\/\/pensiuneaioana.ro\/wp-content\/uploads\/2024\/04\/Pensiunea-Ioana-Receptie-1-1-768x512.jpg 768w, https:\/\/pensiuneaioana.ro\/wp-content\/uploads\/2024\/04\/Pensiunea-Ioana-Receptie-1-1-1536x1024.jpg 1536w, https:\/\/pensiuneaioana.ro\/wp-content\/uploads\/2024\/04\/Pensiunea-Ioana-Receptie-1-1-18x12.jpg 18w\" sizes=\"100vw\" \/>\t\t\t\t\t\t\t\t\t\t\t\t\t\t\t<\/div>\n\t\t\t\t<\/div>\n\t\t\t\t\t<\/div>\n\t\t\t\t<\/div>\n\t\t<div class=\"elementor-element elementor-element-bf9a5a2 e-flex e-con-boxed e-con e-parent\" data-id=\"bf9a5a2\" data-element_type=\"container\">\n\t\t\t\t\t<div class=\"e-con-inner\">\n\t\t\t\t<div class=\"elementor-element elementor-element-08980f8 elementor-widget elementor-widget-spacer\" data-id=\"08980f8\" data-element_type=\"widget\" data-widget_type=\"spacer.default\">\n\t\t\t\t<div class=\"elementor-widget-container\">\n\t\t\t\t\t\t\t<div class=\"elementor-spacer\">\n\t\t\t<div class=\"elementor-spacer-inner\"><\/div>\n\t\t<\/div>\n\t\t\t\t\t\t<\/div>\n\t\t\t\t<\/div>\n\t\t\t\t\t<\/div>\n\t\t\t\t<\/div>\n\t\t<div class=\"elementor-element elementor-element-9122c4a e-flex e-con-boxed e-con e-parent\" data-id=\"9122c4a\" data-element_type=\"container\">\n\t\t\t\t\t<div class=\"e-con-inner\">\n\t\t\t\t<div class=\"elementor-element elementor-element-dd3a325 elementor-widget__width-inherit elementor-widget elementor-widget-heading\" data-id=\"dd3a325\" data-element_type=\"widget\" data-settings=\"{&quot;_animation&quot;:&quot;none&quot;}\" data-widget_type=\"heading.default\">\n\t\t\t\t<div class=\"elementor-widget-container\">\n\t\t\t\t\t<h2 class=\"elementor-heading-title elementor-size-default\">CAMER\u0102 TWIN<\/h2>\t\t\t\t<\/div>\n\t\t\t\t<\/div>\n\t\t\t\t\t<\/div>\n\t\t\t\t<\/div>\n\t\t<div class=\"elementor-element elementor-element-53ec26c e-flex e-con-boxed e-con e-parent\" data-id=\"53ec26c\" data-element_type=\"container\">\n\t\t\t\t\t<div class=\"e-con-inner\">\n\t\t<div class=\"elementor-element elementor-element-e5a87df e-con-full e-flex e-con e-child\" data-id=\"e5a87df\" data-element_type=\"container\">\n\t\t\t\t<div class=\"elementor-element elementor-element-fe12c73 elementor-invisible elementor-widget elementor-widget-text-editor\" data-id=\"fe12c73\" data-element_type=\"widget\" data-settings=\"{&quot;_animation&quot;:&quot;fadeInLeft&quot;}\" data-widget_type=\"text-editor.default\">\n\t\t\t\t<div class=\"elementor-widget-container\">\n\t\t\t\t\t\t\t\t\t<div class=\"flex-1 overflow-hidden\"><div class=\"react-scroll-to-bottom--css-rvsfh-79elbk h-full\"><div class=\"react-scroll-to-bottom--css-rvsfh-1n7m0yu\"><div class=\"flex flex-col text-sm pb-9\"><div class=\"w-full text-token-text-primary\" dir=\"auto\" data-testid=\"conversation-turn-7\"><div class=\"px-4 py-2 justify-center text-base md:gap-6 m-auto\"><div class=\"flex flex-1 text-base mx-auto gap-3 juice:gap-4 juice:md:gap-6 md:px-5 lg:px-1 xl:px-5 md:max-w-3xl lg:max-w-[40rem] xl:max-w-[48rem]\"><div class=\"relative flex w-full flex-col agent-turn\"><div class=\"flex-col gap-1 md:gap-3\"><div class=\"flex flex-grow flex-col max-w-full\"><div class=\"min-h-[20px] text-message flex flex-col items-start gap-3 whitespace-pre-wrap break-words [.text-message+&amp;]:mt-5 overflow-x-auto\" dir=\"auto\" data-message-author-role=\"assistant\" data-message-id=\"d7091177-7253-4d4b-b86d-1c653364a4e1\"><div class=\"markdown prose w-full break-words dark:prose-invert light\"><p><strong>Spa\u021biu \u0219i Flexibilitate<\/strong>: Camerele twin la Pensiunea Ioana sunt concepute pentru a v\u0103 oferi spa\u021biu \u0219i confort. Fiecare camer\u0103 este dotat\u0103 cu dou\u0103 paturi separate, oferindu-v\u0103 flexibilitate \u00een aranjarea locului de dormit \u00een func\u021bie de preferin\u021bele dumneavoastr\u0103 sau ale grupului dumneavoastr\u0103.<\/p><p><strong>Design Func\u021bional<\/strong>: Mobilierul simplu \u0219i func\u021bional \u0219i designul ergonomic creeaz\u0103 un spa\u021biu pl\u0103cut \u0219i relaxant \u00een care v\u0103 pute\u021bi bucura de o odihn\u0103 lini\u0219tit\u0103. Indiferent dac\u0103 sunte\u021bi \u00een c\u0103l\u0103torie pentru afaceri sau pentru agrement, camerele noastre twin v\u0103 asigur\u0103 un mediu confortabil \u0219i relaxant pentru \u0219ederea dumneavoastr\u0103.<\/p><p><strong>Dot\u0103ri Esen\u021biale<\/strong>: Beneficia\u021bi de dot\u0103ri esen\u021biale pentru a v\u0103 asigura o \u0219edere pl\u0103cut\u0103. Fiecare camer\u0103 twin este echipat\u0103 cu dou\u0103 paturi confortabile, lenjerii curate \u0219i o baie privat\u0103. Cu acces gratuit la Wi-Fi, pute\u021bi r\u0103m\u00e2ne conectat cu cei dragi sau pute\u021bi planifica urm\u0103toarea aventur\u0103 \u00een timp ce v\u0103 relaxa\u021bi \u00een confortul camerei dumneavoastr\u0103.<\/p><p><strong>Flexibilitate \u0219i Confort<\/strong>: Camera twin la Pensiunea Ioana v\u0103 ofer\u0103 flexibilitatea \u0219i confortul de care ave\u021bi nevoie pentru a v\u0103 bucura de o \u0219edere pl\u0103cut\u0103. Indiferent dac\u0103 sunte\u021bi \u00een c\u0103l\u0103torie \u00een grup sau c\u0103uta\u021bi doar un loc confortabil pentru a v\u0103 odihni, ve\u021bi g\u0103si \u00een camerele noastre twin un refugiu pl\u0103cut \u00een mijlocul frumuse\u021bii naturale a zonei noastre.<\/p><\/div><\/div><\/div><\/div><\/div><\/div><\/div><\/div><\/div><\/div><\/div><\/div><p>Bucura\u021bi-v\u0103 de flexibilitatea \u0219i confortul oferit de camerele noastre twin la Pensiunea Ioana. Perfecte pentru c\u0103l\u0103torii \u00een grupuri mici sau pentru cei care prefer\u0103 s\u0103 aib\u0103 propriul lor spa\u021biu, camerele twin v\u0103 ofer\u0103 o solu\u021bie comod\u0103 \u0219i practic\u0103 pentru \u0219ederea dumneavoastr\u0103.<\/p>\t\t\t\t\t\t\t\t<\/div>\n\t\t\t\t<\/div>\n\t\t\t\t<\/div>\n\t\t<div class=\"elementor-element elementor-element-7d617b9 e-con-full e-flex e-con e-child\" data-id=\"7d617b9\" data-element_type=\"container\">\n\t\t\t\t<div class=\"elementor-element elementor-element-023c2a8 elementor-pagination-position-outside elementor-invisible elementor-widget elementor-widget-image-carousel\" data-id=\"023c2a8\" data-element_type=\"widget\" data-settings=\"{&quot;slides_to_show&quot;:&quot;1&quot;,&quot;navigation&quot;:&quot;dots&quot;,&quot;autoplay_speed&quot;:1500,&quot;_animation&quot;:&quot;fadeInRight&quot;,&quot;autoplay&quot;:&quot;yes&quot;,&quot;pause_on_hover&quot;:&quot;yes&quot;,&quot;pause_on_interaction&quot;:&quot;yes&quot;,&quot;infinite&quot;:&quot;yes&quot;,&quot;effect&quot;:&quot;slide&quot;,&quot;speed&quot;:500}\" data-widget_type=\"image-carousel.default\">\n\t\t\t\t<div class=\"elementor-widget-container\">\n\t\t\t\t\t\t\t<div class=\"elementor-image-carousel-wrapper swiper\" role=\"region\" aria-roledescription=\"carousel\" aria-label=\"Carusel de imagini\" dir=\"ltr\">\n\t\t\t<div class=\"elementor-image-carousel swiper-wrapper swiper-image-stretch\" aria-live=\"off\">\n\t\t\t\t\t\t\t\t<div class=\"swiper-slide\" role=\"group\" aria-roledescription=\"slide\" aria-label=\"1 din 4\"><figure class=\"swiper-slide-inner\"><img decoding=\"async\" class=\"swiper-slide-image\" src=\"https:\/\/pensiuneaioana.ro\/wp-content\/uploads\/2024\/04\/Pensiunea-Ioana-camera-twin-5-1024x682.jpg\" alt=\"Pensiunea Ioana camera twin 5\" \/><\/figure><\/div><div class=\"swiper-slide\" role=\"group\" aria-roledescription=\"slide\" aria-label=\"2 din 4\"><figure class=\"swiper-slide-inner\"><img decoding=\"async\" class=\"swiper-slide-image\" src=\"https:\/\/pensiuneaioana.ro\/wp-content\/uploads\/2024\/04\/Pensiunea-Ioana-camera-twin-1-2-1024x682.jpg\" alt=\"Pensiunea Ioana camera twin 1\" \/><\/figure><\/div><div class=\"swiper-slide\" role=\"group\" aria-roledescription=\"slide\" aria-label=\"3 din 4\"><figure class=\"swiper-slide-inner\"><img decoding=\"async\" class=\"swiper-slide-image\" src=\"https:\/\/pensiuneaioana.ro\/wp-content\/uploads\/2026\/01\/camera-tripla-2-1024x680.jpg\" alt=\"camera tripla 2\" \/><\/figure><\/div><div class=\"swiper-slide\" role=\"group\" aria-roledescription=\"slide\" aria-label=\"4 din 4\"><figure class=\"swiper-slide-inner\"><img decoding=\"async\" class=\"swiper-slide-image\" src=\"https:\/\/pensiuneaioana.ro\/wp-content\/uploads\/2026\/01\/camera-tripla-3-1024x680.jpg\" alt=\"camera tripla 3\" \/><\/figure><\/div>\t\t\t<\/div>\n\t\t\t\t\t\t\t\n\t\t\t\t\t\t\t\t\t<div class=\"swiper-pagination\"><\/div>\n\t\t\t\t\t\t\t\t\t<\/div>\n\t\t\t\t\t\t<\/div>\n\t\t\t\t<\/div>\n\t\t\t\t<\/div>\n\t\t\t\t\t<\/div>\n\t\t\t\t<\/div>\n\t\t<div class=\"elementor-element elementor-element-67bbb7e e-flex e-con-boxed e-con e-parent\" data-id=\"67bbb7e\" data-element_type=\"container\">\n\t\t\t\t\t<div class=\"e-con-inner\">\n\t\t\t\t<div class=\"elementor-element elementor-element-cf0ae6a elementor-widget elementor-widget-spacer\" data-id=\"cf0ae6a\" data-element_type=\"widget\" data-widget_type=\"spacer.default\">\n\t\t\t\t<div class=\"elementor-widget-container\">\n\t\t\t\t\t\t\t<div class=\"elementor-spacer\">\n\t\t\t<div class=\"elementor-spacer-inner\"><\/div>\n\t\t<\/div>\n\t\t\t\t\t\t<\/div>\n\t\t\t\t<\/div>\n\t\t\t\t\t<\/div>\n\t\t\t\t<\/div>\n\t\t<div class=\"elementor-element elementor-element-d4d601d e-flex e-con-boxed e-con e-parent\" data-id=\"d4d601d\" data-element_type=\"container\">\n\t\t\t\t\t<div class=\"e-con-inner\">\n\t\t\t\t<div class=\"elementor-element elementor-element-e7aedca elementor-widget elementor-widget-text-editor\" data-id=\"e7aedca\" data-element_type=\"widget\" data-widget_type=\"text-editor.default\">\n\t\t\t\t<div class=\"elementor-widget-container\">\n\t\t\t\t\t\t\t\t\t<p>Contacta\u021bi-ne pentru rezerv\u0103ri \u0219i \u00eentreb\u0103ri suplimentare.&nbsp;<\/p><p>echipa noastr\u0103 v\u0103 a\u0219teapt\u0103 cu bra\u021bele deschise pentru a v\u0103 oferi o experien\u021b\u0103 de neuitat!<\/p>\t\t\t\t\t\t\t\t<\/div>\n\t\t\t\t<\/div>\n\t\t\t\t\t<\/div>\n\t\t\t\t<\/div>\n\t\t\t\t<\/div>\n\t\t","protected":false},"excerpt":{"rendered":"<p>CAMER\u0102 TWIN Spa\u021biu \u0219i Flexibilitate: Camerele twin la Pensiunea Ioana sunt concepute pentru a v\u0103 oferi spa\u021biu \u0219i confort. Fiecare camer\u0103 este dotat\u0103 cu dou\u0103 paturi separate, oferindu-v\u0103 flexibilitate \u00een aranjarea locului de dormit \u00een func\u021bie de preferin\u021bele dumneavoastr\u0103 sau ale grupului dumneavoastr\u0103. Design Func\u021bional: Mobilierul simplu \u0219i func\u021bional \u0219i designul ergonomic creeaz\u0103 un spa\u021biu &hellip; <\/p>\n<p class=\"link-more\"><a href=\"https:\/\/pensiuneaioana.ro\/index.php\/camera-twin\/\" class=\"more-link\">Cite\u0219te mai multe<span class=\"screen-reader-text\">\u201eCAMER\u0102 TWIN\u201d<\/span><\/a><\/p>\n","protected":false},"author":1,"featured_media":0,"parent":0,"menu_order":0,"comment_status":"closed","ping_status":"closed","template":"elementor_header_footer","meta":{"footnotes":""},"class_list":["post-252","page","type-page","status-publish","hentry"],"aioseo_notices":[],"_links":{"self":[{"href":"https:\/\/pensiuneaioana.ro\/index.php\/wp-json\/wp\/v2\/pages\/252","targetHints":{"allow":["GET"]}}],"collection":[{"href":"https:\/\/pensiuneaioana.ro\/index.php\/wp-json\/wp\/v2\/pages"}],"about":[{"href":"https:\/\/pensiuneaioana.ro\/index.php\/wp-json\/wp\/v2\/types\/page"}],"author":[{"embeddable":true,"href":"https:\/\/pensiuneaioana.ro\/index.php\/wp-json\/wp\/v2\/users\/1"}],"replies":[{"embeddable":true,"href":"https:\/\/pensiuneaioana.ro\/index.php\/wp-json\/wp\/v2\/comments?post=252"}],"version-history":[{"count":14,"href":"https:\/\/pensiuneaioana.ro\/index.php\/wp-json\/wp\/v2\/pages\/252\/revisions"}],"predecessor-version":[{"id":485,"href":"https:\/\/pensiuneaioana.ro\/index.php\/wp-json\/wp\/v2\/pages\/252\/revisions\/485"}],"wp:attachment":[{"href":"https:\/\/pensiuneaioana.ro\/index.php\/wp-json\/wp\/v2\/media?parent=252"}],"curies":[{"name":"wp","href":"https:\/\/api.w.org\/{rel}","templated":true}]}}