{"id":269,"date":"2024-04-04T11:58:51","date_gmt":"2024-04-04T11:58:51","guid":{"rendered":"https:\/\/pensiuneaioana.ro\/?page_id=269"},"modified":"2026-01-22T16:20:51","modified_gmt":"2026-01-22T16:20:51","slug":"suita-suita-deluxe","status":"publish","type":"page","link":"https:\/\/pensiuneaioana.ro\/index.php\/suita-suita-deluxe\/","title":{"rendered":"SUIT\u0102 \/ SUIT\u0102 DELUXE"},"content":{"rendered":"\t\t<div data-elementor-type=\"wp-page\" data-elementor-id=\"269\" class=\"elementor elementor-269\">\n\t\t\t\t<div class=\"elementor-element elementor-element-fb3e125 e-flex e-con-boxed e-con e-parent\" data-id=\"fb3e125\" data-element_type=\"container\">\n\t\t\t\t\t<div class=\"e-con-inner\">\n\t\t\t\t<div class=\"elementor-element elementor-element-187daf3 elementor-widget__width-initial elementor-widget elementor-widget-image\" data-id=\"187daf3\" data-element_type=\"widget\" data-widget_type=\"image.default\">\n\t\t\t\t<div class=\"elementor-widget-container\">\n\t\t\t\t\t\t\t\t\t\t\t\t\t\t\t<img fetchpriority=\"high\" decoding=\"async\" width=\"1920\" height=\"1280\" src=\"https:\/\/pensiuneaioana.ro\/wp-content\/uploads\/2024\/04\/Pensiunea-Ioana-Receptie-1-1.jpg\" class=\"attachment-full size-full wp-image-62\" alt=\"\" srcset=\"https:\/\/pensiuneaioana.ro\/wp-content\/uploads\/2024\/04\/Pensiunea-Ioana-Receptie-1-1.jpg 1920w, https:\/\/pensiuneaioana.ro\/wp-content\/uploads\/2024\/04\/Pensiunea-Ioana-Receptie-1-1-300x200.jpg 300w, https:\/\/pensiuneaioana.ro\/wp-content\/uploads\/2024\/04\/Pensiunea-Ioana-Receptie-1-1-1024x683.jpg 1024w, https:\/\/pensiuneaioana.ro\/wp-content\/uploads\/2024\/04\/Pensiunea-Ioana-Receptie-1-1-768x512.jpg 768w, https:\/\/pensiuneaioana.ro\/wp-content\/uploads\/2024\/04\/Pensiunea-Ioana-Receptie-1-1-1536x1024.jpg 1536w, https:\/\/pensiuneaioana.ro\/wp-content\/uploads\/2024\/04\/Pensiunea-Ioana-Receptie-1-1-18x12.jpg 18w\" sizes=\"100vw\" \/>\t\t\t\t\t\t\t\t\t\t\t\t\t\t\t<\/div>\n\t\t\t\t<\/div>\n\t\t\t\t\t<\/div>\n\t\t\t\t<\/div>\n\t\t<div class=\"elementor-element elementor-element-bf9a5a2 e-flex e-con-boxed e-con e-parent\" data-id=\"bf9a5a2\" data-element_type=\"container\">\n\t\t\t\t\t<div class=\"e-con-inner\">\n\t\t\t\t<div class=\"elementor-element elementor-element-08980f8 elementor-widget elementor-widget-spacer\" data-id=\"08980f8\" data-element_type=\"widget\" data-widget_type=\"spacer.default\">\n\t\t\t\t<div class=\"elementor-widget-container\">\n\t\t\t\t\t\t\t<div class=\"elementor-spacer\">\n\t\t\t<div class=\"elementor-spacer-inner\"><\/div>\n\t\t<\/div>\n\t\t\t\t\t\t<\/div>\n\t\t\t\t<\/div>\n\t\t\t\t\t<\/div>\n\t\t\t\t<\/div>\n\t\t<div class=\"elementor-element elementor-element-9122c4a e-flex e-con-boxed e-con e-parent\" data-id=\"9122c4a\" data-element_type=\"container\">\n\t\t\t\t\t<div class=\"e-con-inner\">\n\t\t\t\t<div class=\"elementor-element elementor-element-dd3a325 elementor-widget__width-inherit elementor-widget elementor-widget-heading\" data-id=\"dd3a325\" data-element_type=\"widget\" data-settings=\"{&quot;_animation&quot;:&quot;none&quot;}\" data-widget_type=\"heading.default\">\n\t\t\t\t<div class=\"elementor-widget-container\">\n\t\t\t\t\t<h2 class=\"elementor-heading-title elementor-size-default\">GARSONIER\u0102 CU JACUZZI<br>SUIT\u0102 CU UN DORMITOR<\/h2>\t\t\t\t<\/div>\n\t\t\t\t<\/div>\n\t\t\t\t\t<\/div>\n\t\t\t\t<\/div>\n\t\t<div class=\"elementor-element elementor-element-53ec26c e-flex e-con-boxed e-con e-parent\" data-id=\"53ec26c\" data-element_type=\"container\">\n\t\t\t\t\t<div class=\"e-con-inner\">\n\t\t<div class=\"elementor-element elementor-element-e5a87df e-con-full e-flex e-con e-child\" data-id=\"e5a87df\" data-element_type=\"container\">\n\t\t\t\t<div class=\"elementor-element elementor-element-fe12c73 elementor-invisible elementor-widget elementor-widget-text-editor\" data-id=\"fe12c73\" data-element_type=\"widget\" data-settings=\"{&quot;_animation&quot;:&quot;fadeInLeft&quot;}\" data-widget_type=\"text-editor.default\">\n\t\t\t\t<div class=\"elementor-widget-container\">\n\t\t\t\t\t\t\t\t\t<div class=\"flex-1 overflow-hidden\"><div class=\"react-scroll-to-bottom--css-rvsfh-79elbk h-full\"><div class=\"react-scroll-to-bottom--css-rvsfh-1n7m0yu\"><div class=\"flex flex-col text-sm pb-9\"><div class=\"w-full text-token-text-primary\" dir=\"auto\" data-testid=\"conversation-turn-7\"><div class=\"px-4 py-2 justify-center text-base md:gap-6 m-auto\"><div class=\"flex flex-1 text-base mx-auto gap-3 juice:gap-4 juice:md:gap-6 md:px-5 lg:px-1 xl:px-5 md:max-w-3xl lg:max-w-[40rem] xl:max-w-[48rem]\"><div class=\"relative flex w-full flex-col agent-turn\"><div class=\"flex-col gap-1 md:gap-3\"><div class=\"flex flex-grow flex-col max-w-full\"><div class=\"min-h-[20px] text-message flex flex-col items-start gap-3 whitespace-pre-wrap break-words [.text-message+&amp;]:mt-5 overflow-x-auto\" dir=\"auto\" data-message-author-role=\"assistant\" data-message-id=\"d7091177-7253-4d4b-b86d-1c653364a4e1\"><div class=\"markdown prose w-full break-words dark:prose-invert light\"><p data-start=\"230\" data-end=\"569\"><strong data-start=\"230\" data-end=\"257\">Rafinament \u0219i Elegan\u021b\u0103:<\/strong> Garsoniera cu jacuzzi \u0219i suita cu 1 dormitor de la Pensiunea Ioana impresioneaz\u0103 prin designul lor rafinat \u0219i elegan\u021ba fiec\u0103rui detaliu. Spa\u021biile sunt amenajate cu grij\u0103 pentru a crea o atmosfer\u0103 intim\u0103 \u0219i primitoare, completat\u0103 de mobilier de calitate, finisaje moderne \u0219i accente care inspir\u0103 confort \u0219i stil.<\/p><p data-start=\"571\" data-end=\"884\"><strong data-start=\"571\" data-end=\"606\">Jacuzzi pentru Relaxare Total\u0103:<\/strong> Bucura\u021bi-v\u0103 de momente de r\u0103sf\u0103\u021b \u0219i relaxare absolut\u0103 \u00een jacuzzi, ideal pentru destindere dup\u0103 o zi plin\u0103 sau pentru a transforma o \u0219edere obi\u0219nuit\u0103 \u00eentr-o experien\u021b\u0103 special\u0103. Fie c\u0103 alege\u021bi garsoniera sau suita, jacuzzi-ul ofer\u0103 cadrul perfect pentru relaxare \u0219i re\u00eenc\u0103rcare.<\/p><p data-start=\"886\" data-end=\"1213\"><strong data-start=\"886\" data-end=\"905\">Dot\u0103ri Premium:<\/strong> At\u00e2t garsoniera cu jacuzzi, c\u00e2t \u0219i suita cu 1 dormitor sunt complet echipate pentru a v\u0103 oferi o \u0219edere confortabil\u0103 \u0219i lipsit\u0103 de griji. Beneficia\u021bi de pat matrimonial confortabil, zon\u0103 de relaxare, baie spa\u021bioas\u0103 dotat\u0103 cu articole de toalet\u0103 de calitate, acces Wi-Fi gratuit, TV cu ecran plat \u0219i minibar.<\/p><p data-start=\"1215\" data-end=\"1492\"><strong data-start=\"1215\" data-end=\"1248\">Intimitate \u0219i Confort Sporit:<\/strong> Aceste spa\u021bii sunt ideale pentru cupluri sau pentru cei care \u00ee\u0219i doresc mai mult\u0103 intimitate \u0219i confort. Compartimentarea atent g\u00e2ndit\u0103 ofer\u0103 lini\u0219te \u0219i relaxare, indiferent dac\u0103 v\u0103 afla\u021bi \u00eentr-o escapad\u0103 romantic\u0103 sau \u00eentr-un sejur de r\u0103sf\u0103\u021b.<\/p><p data-start=\"1494\" data-end=\"1811\"><strong data-start=\"1494\" data-end=\"1530\">Relaxare \u0219i Amintiri de Neuitat:<\/strong> Garsoniera cu jacuzzi \u0219i suita cu 1 dormitor de la Pensiunea Ioana reprezint\u0103 un adev\u0103rat refugiu de relaxare, unde pute\u021bi evada din rutina zilnic\u0103 \u0219i v\u0103 pute\u021bi bucura de momente speciale. Fiecare sejur devine o experien\u021b\u0103 memorabil\u0103, plin\u0103 de confort, lini\u0219te \u0219i bun\u0103 dispozi\u021bie.<\/p><\/div><\/div><\/div><\/div><\/div><\/div><\/div><\/div><\/div><\/div><\/div><\/div>\t\t\t\t\t\t\t\t<\/div>\n\t\t\t\t<\/div>\n\t\t\t\t<\/div>\n\t\t<div class=\"elementor-element elementor-element-7d617b9 e-con-full e-flex e-con e-child\" data-id=\"7d617b9\" data-element_type=\"container\">\n\t\t\t\t<div class=\"elementor-element elementor-element-023c2a8 elementor-pagination-position-outside elementor-invisible elementor-widget elementor-widget-image-carousel\" data-id=\"023c2a8\" data-element_type=\"widget\" data-settings=\"{&quot;slides_to_show&quot;:&quot;1&quot;,&quot;navigation&quot;:&quot;dots&quot;,&quot;autoplay_speed&quot;:1500,&quot;_animation&quot;:&quot;fadeInRight&quot;,&quot;autoplay&quot;:&quot;yes&quot;,&quot;pause_on_hover&quot;:&quot;yes&quot;,&quot;pause_on_interaction&quot;:&quot;yes&quot;,&quot;infinite&quot;:&quot;yes&quot;,&quot;effect&quot;:&quot;slide&quot;,&quot;speed&quot;:500}\" data-widget_type=\"image-carousel.default\">\n\t\t\t\t<div class=\"elementor-widget-container\">\n\t\t\t\t\t\t\t<div class=\"elementor-image-carousel-wrapper swiper\" role=\"region\" aria-roledescription=\"carousel\" aria-label=\"Carusel de imagini\" dir=\"ltr\">\n\t\t\t<div class=\"elementor-image-carousel swiper-wrapper swiper-image-stretch\" aria-live=\"off\">\n\t\t\t\t\t\t\t\t<div class=\"swiper-slide\" role=\"group\" aria-roledescription=\"slide\" aria-label=\"1 din 10\"><figure class=\"swiper-slide-inner\"><img decoding=\"async\" class=\"swiper-slide-image\" src=\"https:\/\/pensiuneaioana.ro\/wp-content\/uploads\/2026\/01\/suita-5-1024x683.jpg\" alt=\"suita 5\" \/><\/figure><\/div><div class=\"swiper-slide\" role=\"group\" aria-roledescription=\"slide\" aria-label=\"2 din 10\"><figure class=\"swiper-slide-inner\"><img decoding=\"async\" class=\"swiper-slide-image\" src=\"https:\/\/pensiuneaioana.ro\/wp-content\/uploads\/2026\/01\/suita-6-1024x680.jpg\" alt=\"suita 6\" \/><\/figure><\/div><div class=\"swiper-slide\" role=\"group\" aria-roledescription=\"slide\" aria-label=\"3 din 10\"><figure class=\"swiper-slide-inner\"><img decoding=\"async\" class=\"swiper-slide-image\" src=\"https:\/\/pensiuneaioana.ro\/wp-content\/uploads\/2026\/01\/suita-7-1024x683.jpg\" alt=\"suita 7\" \/><\/figure><\/div><div class=\"swiper-slide\" role=\"group\" aria-roledescription=\"slide\" aria-label=\"4 din 10\"><figure class=\"swiper-slide-inner\"><img decoding=\"async\" class=\"swiper-slide-image\" src=\"https:\/\/pensiuneaioana.ro\/wp-content\/uploads\/2026\/01\/suita-8-1024x683.jpg\" alt=\"suita 8\" \/><\/figure><\/div><div class=\"swiper-slide\" role=\"group\" aria-roledescription=\"slide\" aria-label=\"5 din 10\"><figure class=\"swiper-slide-inner\"><img decoding=\"async\" class=\"swiper-slide-image\" src=\"https:\/\/pensiuneaioana.ro\/wp-content\/uploads\/2026\/01\/suita-9-1024x680.jpg\" alt=\"suita 9\" \/><\/figure><\/div><div class=\"swiper-slide\" role=\"group\" aria-roledescription=\"slide\" aria-label=\"6 din 10\"><figure class=\"swiper-slide-inner\"><img decoding=\"async\" class=\"swiper-slide-image\" src=\"https:\/\/pensiuneaioana.ro\/wp-content\/uploads\/2026\/01\/suita-10-1024x683.jpg\" alt=\"suita 10\" \/><\/figure><\/div><div class=\"swiper-slide\" role=\"group\" aria-roledescription=\"slide\" aria-label=\"7 din 10\"><figure class=\"swiper-slide-inner\"><img decoding=\"async\" class=\"swiper-slide-image\" src=\"https:\/\/pensiuneaioana.ro\/wp-content\/uploads\/2026\/01\/suita-11-1024x683.jpg\" alt=\"suita 11\" \/><\/figure><\/div><div class=\"swiper-slide\" role=\"group\" aria-roledescription=\"slide\" aria-label=\"8 din 10\"><figure class=\"swiper-slide-inner\"><img decoding=\"async\" class=\"swiper-slide-image\" src=\"https:\/\/pensiuneaioana.ro\/wp-content\/uploads\/2026\/01\/suita-12-1024x683.jpg\" alt=\"suita 12\" \/><\/figure><\/div><div class=\"swiper-slide\" role=\"group\" aria-roledescription=\"slide\" aria-label=\"9 din 10\"><figure class=\"swiper-slide-inner\"><img decoding=\"async\" class=\"swiper-slide-image\" src=\"https:\/\/pensiuneaioana.ro\/wp-content\/uploads\/2024\/04\/Pensiunea-Ioana-garsoniera-1-2-1024x682.jpg\" alt=\"Pensiunea Ioana garsoniera 1\" \/><\/figure><\/div><div class=\"swiper-slide\" role=\"group\" aria-roledescription=\"slide\" aria-label=\"10 din 10\"><figure class=\"swiper-slide-inner\"><img decoding=\"async\" class=\"swiper-slide-image\" src=\"https:\/\/pensiuneaioana.ro\/wp-content\/uploads\/2024\/04\/Pensiunea-Ioana-garsoniera-5-1024x682.jpg\" alt=\"Pensiunea Ioana garsoniera 5\" \/><\/figure><\/div>\t\t\t<\/div>\n\t\t\t\t\t\t\t\n\t\t\t\t\t\t\t\t\t<div class=\"swiper-pagination\"><\/div>\n\t\t\t\t\t\t\t\t\t<\/div>\n\t\t\t\t\t\t<\/div>\n\t\t\t\t<\/div>\n\t\t\t\t<\/div>\n\t\t\t\t\t<\/div>\n\t\t\t\t<\/div>\n\t\t<div class=\"elementor-element elementor-element-67bbb7e e-flex e-con-boxed e-con e-parent\" data-id=\"67bbb7e\" data-element_type=\"container\">\n\t\t\t\t\t<div class=\"e-con-inner\">\n\t\t\t\t<div class=\"elementor-element elementor-element-cf0ae6a elementor-widget elementor-widget-spacer\" data-id=\"cf0ae6a\" data-element_type=\"widget\" data-widget_type=\"spacer.default\">\n\t\t\t\t<div class=\"elementor-widget-container\">\n\t\t\t\t\t\t\t<div class=\"elementor-spacer\">\n\t\t\t<div class=\"elementor-spacer-inner\"><\/div>\n\t\t<\/div>\n\t\t\t\t\t\t<\/div>\n\t\t\t\t<\/div>\n\t\t\t\t\t<\/div>\n\t\t\t\t<\/div>\n\t\t<div class=\"elementor-element elementor-element-d4d601d e-flex e-con-boxed e-con e-parent\" data-id=\"d4d601d\" data-element_type=\"container\">\n\t\t\t\t\t<div class=\"e-con-inner\">\n\t\t\t\t<div class=\"elementor-element elementor-element-e7aedca elementor-widget elementor-widget-text-editor\" data-id=\"e7aedca\" data-element_type=\"widget\" data-widget_type=\"text-editor.default\">\n\t\t\t\t<div class=\"elementor-widget-container\">\n\t\t\t\t\t\t\t\t\t<p>Contacta\u021bi-ne pentru rezerv\u0103ri \u0219i \u00eentreb\u0103ri suplimentare.&nbsp;<\/p><p>echipa noastr\u0103 v\u0103 a\u0219teapt\u0103 cu bra\u021bele deschise pentru a v\u0103 oferi o experien\u021b\u0103 de neuitat!<\/p>\t\t\t\t\t\t\t\t<\/div>\n\t\t\t\t<\/div>\n\t\t\t\t\t<\/div>\n\t\t\t\t<\/div>\n\t\t\t\t<\/div>\n\t\t","protected":false},"excerpt":{"rendered":"<p>GARSONIER\u0102 CU JACUZZISUIT\u0102 CU UN DORMITOR Rafinament \u0219i Elegan\u021b\u0103: Garsoniera cu jacuzzi \u0219i suita cu 1 dormitor de la Pensiunea Ioana impresioneaz\u0103 prin designul lor rafinat \u0219i elegan\u021ba fiec\u0103rui detaliu. Spa\u021biile sunt amenajate cu grij\u0103 pentru a crea o atmosfer\u0103 intim\u0103 \u0219i primitoare, completat\u0103 de mobilier de calitate, finisaje moderne \u0219i accente care inspir\u0103 confort &hellip; <\/p>\n<p class=\"link-more\"><a href=\"https:\/\/pensiuneaioana.ro\/index.php\/suita-suita-deluxe\/\" class=\"more-link\">Cite\u0219te mai multe<span class=\"screen-reader-text\">\u201eSUIT\u0102 \/ SUIT\u0102 DELUXE\u201d<\/span><\/a><\/p>\n","protected":false},"author":1,"featured_media":0,"parent":0,"menu_order":0,"comment_status":"closed","ping_status":"closed","template":"elementor_header_footer","meta":{"footnotes":""},"class_list":["post-269","page","type-page","status-publish","hentry"],"aioseo_notices":[],"_links":{"self":[{"href":"https:\/\/pensiuneaioana.ro\/index.php\/wp-json\/wp\/v2\/pages\/269","targetHints":{"allow":["GET"]}}],"collection":[{"href":"https:\/\/pensiuneaioana.ro\/index.php\/wp-json\/wp\/v2\/pages"}],"about":[{"href":"https:\/\/pensiuneaioana.ro\/index.php\/wp-json\/wp\/v2\/types\/page"}],"author":[{"embeddable":true,"href":"https:\/\/pensiuneaioana.ro\/index.php\/wp-json\/wp\/v2\/users\/1"}],"replies":[{"embeddable":true,"href":"https:\/\/pensiuneaioana.ro\/index.php\/wp-json\/wp\/v2\/comments?post=269"}],"version-history":[{"count":21,"href":"https:\/\/pensiuneaioana.ro\/index.php\/wp-json\/wp\/v2\/pages\/269\/revisions"}],"predecessor-version":[{"id":519,"href":"https:\/\/pensiuneaioana.ro\/index.php\/wp-json\/wp\/v2\/pages\/269\/revisions\/519"}],"wp:attachment":[{"href":"https:\/\/pensiuneaioana.ro\/index.php\/wp-json\/wp\/v2\/media?parent=269"}],"curies":[{"name":"wp","href":"https:\/\/api.w.org\/{rel}","templated":true}]}}