{"id":284,"date":"2024-04-04T11:58:51","date_gmt":"2024-04-04T11:58:51","guid":{"rendered":"https:\/\/pensiuneaioana.ro\/?page_id=284"},"modified":"2024-06-11T08:37:18","modified_gmt":"2024-06-11T08:37:18","slug":"evenimente","status":"publish","type":"page","link":"https:\/\/pensiuneaioana.ro\/index.php\/evenimente\/","title":{"rendered":"EVENIMENTE"},"content":{"rendered":"\t\t<div data-elementor-type=\"wp-page\" data-elementor-id=\"284\" class=\"elementor elementor-284\">\n\t\t\t\t<div class=\"elementor-element elementor-element-fb3e125 e-flex e-con-boxed e-con e-parent\" data-id=\"fb3e125\" data-element_type=\"container\">\n\t\t\t\t\t<div class=\"e-con-inner\">\n\t\t\t\t<div class=\"elementor-element elementor-element-187daf3 elementor-widget__width-initial elementor-widget elementor-widget-image\" data-id=\"187daf3\" data-element_type=\"widget\" data-widget_type=\"image.default\">\n\t\t\t\t<div class=\"elementor-widget-container\">\n\t\t\t\t\t\t\t\t\t\t\t\t\t\t\t<img fetchpriority=\"high\" decoding=\"async\" width=\"1170\" height=\"910\" src=\"https:\/\/pensiuneaioana.ro\/wp-content\/uploads\/2024\/04\/Pensiunea-Ioana-Nunta.jpg\" class=\"attachment-full size-full wp-image-286\" alt=\"\" srcset=\"https:\/\/pensiuneaioana.ro\/wp-content\/uploads\/2024\/04\/Pensiunea-Ioana-Nunta.jpg 1170w, https:\/\/pensiuneaioana.ro\/wp-content\/uploads\/2024\/04\/Pensiunea-Ioana-Nunta-300x233.jpg 300w, https:\/\/pensiuneaioana.ro\/wp-content\/uploads\/2024\/04\/Pensiunea-Ioana-Nunta-1024x796.jpg 1024w\" sizes=\"100vw\" \/>\t\t\t\t\t\t\t\t\t\t\t\t\t\t\t<\/div>\n\t\t\t\t<\/div>\n\t\t\t\t\t<\/div>\n\t\t\t\t<\/div>\n\t\t<div class=\"elementor-element elementor-element-c3d5c6d e-flex e-con-boxed e-con e-parent\" data-id=\"c3d5c6d\" data-element_type=\"container\">\n\t\t\t\t\t<div class=\"e-con-inner\">\n\t\t\t\t<div class=\"elementor-element elementor-element-ee8f003 elementor-widget elementor-widget-text-editor\" data-id=\"ee8f003\" data-element_type=\"widget\" data-widget_type=\"text-editor.default\">\n\t\t\t\t<div class=\"elementor-widget-container\">\n\t\t\t\t\t\t\t\t\t<p><span style=\"color: #0d0d0d; font-family: S\u00f6hne, ui-sans-serif, system-ui, -apple-system, 'Segoe UI', Roboto, Ubuntu, Cantarell, 'Noto Sans', sans-serif, 'Helvetica Neue', Arial, 'Apple Color Emoji', 'Segoe UI Emoji', 'Segoe UI Symbol', 'Noto Color Emoji'; text-align: start; white-space-collapse: preserve;\">La Pensiunea Ioana, fiecare moment devine o poveste de neuitat!<\/span><\/p><p><span style=\"color: #0d0d0d; font-family: S\u00f6hne, ui-sans-serif, system-ui, -apple-system, 'Segoe UI', Roboto, Ubuntu, Cantarell, 'Noto Sans', sans-serif, 'Helvetica Neue', Arial, 'Apple Color Emoji', 'Segoe UI Emoji', 'Segoe UI Symbol', 'Noto Color Emoji'; text-align: start; white-space-collapse: preserve;\">Situat\u0103 \u00een peisajul fermec\u0103tor al Gherlei, loca\u021bia noastr\u0103 ofer\u0103 un cadru perfect pentru cele mai speciale evenimente din via\u021ba dumneavoastr\u0103. Cu un restaurant intim \u0219i o gr\u0103din\u0103 \u00eensorit\u0103, suntem gazda ideal\u0103 pentru nun\u021bi romantice, botezuri pline de emo\u021bie, petreceri private \u0219i multe altele.<\/span><\/p><p><span style=\"color: #0d0d0d; font-family: S\u00f6hne, ui-sans-serif, system-ui, -apple-system, 'Segoe UI', Roboto, Ubuntu, Cantarell, 'Noto Sans', sans-serif, 'Helvetica Neue', Arial, 'Apple Color Emoji', 'Segoe UI Emoji', 'Segoe UI Symbol', 'Noto Color Emoji'; text-align: start; white-space-collapse: preserve;\">Echipa noastr\u0103 dedicat\u0103 v\u0103 va ajuta s\u0103 transforma\u021bi fiecare detaliu \u00eentr-o experien\u021b\u0103 memorabil\u0103, iar atmosfera noastr\u0103 cald\u0103 \u0219i primitoare v\u0103 va \u00eembia s\u0103 reveni\u021bi mereu la noi pentru a crea noi amintiri de pre\u021buit.<\/span><\/p><p>Fiecare moment petrecut la Pensiunea Ioana va fi cu adev\u0103rat magic \u0219i de neuitat!<\/p>\t\t\t\t\t\t\t\t<\/div>\n\t\t\t\t<\/div>\n\t\t\t\t<div class=\"elementor-element elementor-element-edcb021 elementor-widget elementor-widget-video\" data-id=\"edcb021\" data-element_type=\"widget\" data-settings=\"{&quot;video_type&quot;:&quot;hosted&quot;,&quot;controls&quot;:&quot;yes&quot;}\" data-widget_type=\"video.default\">\n\t\t\t\t<div class=\"elementor-widget-container\">\n\t\t\t\t\t\t\t<div class=\"e-hosted-video elementor-wrapper elementor-open-inline\">\n\t\t\t\t\t<video class=\"elementor-video\" src=\"https:\/\/pensiuneaioana.ro\/wp-content\/uploads\/2024\/04\/Pensiunea-Ioana-film-1.mp4\" controls=\"\" preload=\"metadata\" controlsList=\"nodownload\"><\/video>\n\t\t\t\t<\/div>\n\t\t\t\t\t\t<\/div>\n\t\t\t\t<\/div>\n\t\t\t\t\t<\/div>\n\t\t\t\t<\/div>\n\t\t<div class=\"elementor-element elementor-element-791986c e-grid e-con-boxed e-con e-parent\" data-id=\"791986c\" data-element_type=\"container\">\n\t\t\t\t\t<div class=\"e-con-inner\">\n\t\t\t\t<div class=\"elementor-element elementor-element-25ef47d elementor-widget elementor-widget-image\" data-id=\"25ef47d\" data-element_type=\"widget\" data-widget_type=\"image.default\">\n\t\t\t\t<div class=\"elementor-widget-container\">\n\t\t\t\t\t\t\t\t\t\t\t\t\t\t\t<img decoding=\"async\" width=\"950\" height=\"634\" src=\"https:\/\/pensiuneaioana.ro\/wp-content\/uploads\/2024\/05\/Dor-Travel-Craciun-in-Armenopolis-34-of-246-1024x683.jpg\" class=\"attachment-large size-large wp-image-298\" alt=\"\" srcset=\"https:\/\/pensiuneaioana.ro\/wp-content\/uploads\/2024\/05\/Dor-Travel-Craciun-in-Armenopolis-34-of-246-1024x683.jpg 1024w, https:\/\/pensiuneaioana.ro\/wp-content\/uploads\/2024\/05\/Dor-Travel-Craciun-in-Armenopolis-34-of-246-300x200.jpg 300w, https:\/\/pensiuneaioana.ro\/wp-content\/uploads\/2024\/05\/Dor-Travel-Craciun-in-Armenopolis-34-of-246-2000x1333.jpg 2000w, https:\/\/pensiuneaioana.ro\/wp-content\/uploads\/2024\/05\/Dor-Travel-Craciun-in-Armenopolis-34-of-246-scaled-2048x1365.jpg 2048w, https:\/\/pensiuneaioana.ro\/wp-content\/uploads\/2024\/05\/Dor-Travel-Craciun-in-Armenopolis-34-of-246-scaled-1536x1024.jpg 1536w\" sizes=\"100vw\" \/>\t\t\t\t\t\t\t\t\t\t\t\t\t\t\t<\/div>\n\t\t\t\t<\/div>\n\t\t\t\t<div class=\"elementor-element elementor-element-86b6033 elementor-widget elementor-widget-image\" data-id=\"86b6033\" data-element_type=\"widget\" data-widget_type=\"image.default\">\n\t\t\t\t<div class=\"elementor-widget-container\">\n\t\t\t\t\t\t\t\t\t\t\t\t\t\t\t<img decoding=\"async\" width=\"950\" height=\"634\" src=\"https:\/\/pensiuneaioana.ro\/wp-content\/uploads\/2024\/05\/Dor-Travel-Craciun-in-Armenopolis-147-of-246-1024x683.jpg\" class=\"attachment-large size-large wp-image-299\" alt=\"\" srcset=\"https:\/\/pensiuneaioana.ro\/wp-content\/uploads\/2024\/05\/Dor-Travel-Craciun-in-Armenopolis-147-of-246-1024x683.jpg 1024w, https:\/\/pensiuneaioana.ro\/wp-content\/uploads\/2024\/05\/Dor-Travel-Craciun-in-Armenopolis-147-of-246-300x200.jpg 300w, https:\/\/pensiuneaioana.ro\/wp-content\/uploads\/2024\/05\/Dor-Travel-Craciun-in-Armenopolis-147-of-246-2000x1333.jpg 2000w, https:\/\/pensiuneaioana.ro\/wp-content\/uploads\/2024\/05\/Dor-Travel-Craciun-in-Armenopolis-147-of-246-scaled-2048x1365.jpg 2048w, https:\/\/pensiuneaioana.ro\/wp-content\/uploads\/2024\/05\/Dor-Travel-Craciun-in-Armenopolis-147-of-246-scaled-1536x1024.jpg 1536w\" sizes=\"100vw\" \/>\t\t\t\t\t\t\t\t\t\t\t\t\t\t\t<\/div>\n\t\t\t\t<\/div>\n\t\t\t\t<div class=\"elementor-element elementor-element-5f4ffef elementor-widget elementor-widget-image\" data-id=\"5f4ffef\" data-element_type=\"widget\" data-widget_type=\"image.default\">\n\t\t\t\t<div class=\"elementor-widget-container\">\n\t\t\t\t\t\t\t\t\t\t\t\t\t\t\t<img loading=\"lazy\" decoding=\"async\" width=\"950\" height=\"635\" src=\"https:\/\/pensiuneaioana.ro\/wp-content\/uploads\/2024\/05\/DSC_4566-1-1024x684.jpg\" class=\"attachment-large size-large wp-image-304\" alt=\"\" srcset=\"https:\/\/pensiuneaioana.ro\/wp-content\/uploads\/2024\/05\/DSC_4566-1-1024x684.jpg 1024w, https:\/\/pensiuneaioana.ro\/wp-content\/uploads\/2024\/05\/DSC_4566-1-300x200.jpg 300w, https:\/\/pensiuneaioana.ro\/wp-content\/uploads\/2024\/05\/DSC_4566-1-2000x1335.jpg 2000w, https:\/\/pensiuneaioana.ro\/wp-content\/uploads\/2024\/05\/DSC_4566-1-scaled-1536x1025.jpg 1536w, https:\/\/pensiuneaioana.ro\/wp-content\/uploads\/2024\/05\/DSC_4566-1-scaled-2048x1367.jpg 2048w\" sizes=\"100vw\" \/>\t\t\t\t\t\t\t\t\t\t\t\t\t\t\t<\/div>\n\t\t\t\t<\/div>\n\t\t\t\t<div class=\"elementor-element elementor-element-731c407 elementor-widget elementor-widget-image\" data-id=\"731c407\" data-element_type=\"widget\" data-widget_type=\"image.default\">\n\t\t\t\t<div class=\"elementor-widget-container\">\n\t\t\t\t\t\t\t\t\t\t\t\t\t\t\t<img loading=\"lazy\" decoding=\"async\" width=\"950\" height=\"634\" src=\"https:\/\/pensiuneaioana.ro\/wp-content\/uploads\/2024\/05\/Dor-Travel-Craciun-in-Armenopolis-202-of-246-1024x683.jpg\" class=\"attachment-large size-large wp-image-302\" alt=\"\" srcset=\"https:\/\/pensiuneaioana.ro\/wp-content\/uploads\/2024\/05\/Dor-Travel-Craciun-in-Armenopolis-202-of-246-1024x683.jpg 1024w, https:\/\/pensiuneaioana.ro\/wp-content\/uploads\/2024\/05\/Dor-Travel-Craciun-in-Armenopolis-202-of-246-300x200.jpg 300w, https:\/\/pensiuneaioana.ro\/wp-content\/uploads\/2024\/05\/Dor-Travel-Craciun-in-Armenopolis-202-of-246-2000x1333.jpg 2000w, https:\/\/pensiuneaioana.ro\/wp-content\/uploads\/2024\/05\/Dor-Travel-Craciun-in-Armenopolis-202-of-246-scaled-1536x1024.jpg 1536w, https:\/\/pensiuneaioana.ro\/wp-content\/uploads\/2024\/05\/Dor-Travel-Craciun-in-Armenopolis-202-of-246-scaled-2048x1365.jpg 2048w\" sizes=\"100vw\" \/>\t\t\t\t\t\t\t\t\t\t\t\t\t\t\t<\/div>\n\t\t\t\t<\/div>\n\t\t\t\t<div class=\"elementor-element elementor-element-9ce843e elementor-widget elementor-widget-image\" data-id=\"9ce843e\" data-element_type=\"widget\" data-widget_type=\"image.default\">\n\t\t\t\t<div class=\"elementor-widget-container\">\n\t\t\t\t\t\t\t\t\t\t\t\t\t\t\t<img loading=\"lazy\" decoding=\"async\" width=\"950\" height=\"634\" src=\"https:\/\/pensiuneaioana.ro\/wp-content\/uploads\/2024\/05\/Dor-Travel-Craciun-in-Armenopolis-178-of-246-1024x683.jpg\" class=\"attachment-large size-large wp-image-301\" alt=\"\" srcset=\"https:\/\/pensiuneaioana.ro\/wp-content\/uploads\/2024\/05\/Dor-Travel-Craciun-in-Armenopolis-178-of-246-1024x683.jpg 1024w, https:\/\/pensiuneaioana.ro\/wp-content\/uploads\/2024\/05\/Dor-Travel-Craciun-in-Armenopolis-178-of-246-300x200.jpg 300w, https:\/\/pensiuneaioana.ro\/wp-content\/uploads\/2024\/05\/Dor-Travel-Craciun-in-Armenopolis-178-of-246-2000x1333.jpg 2000w, https:\/\/pensiuneaioana.ro\/wp-content\/uploads\/2024\/05\/Dor-Travel-Craciun-in-Armenopolis-178-of-246-scaled-1536x1024.jpg 1536w, https:\/\/pensiuneaioana.ro\/wp-content\/uploads\/2024\/05\/Dor-Travel-Craciun-in-Armenopolis-178-of-246-scaled-2048x1365.jpg 2048w\" sizes=\"100vw\" \/>\t\t\t\t\t\t\t\t\t\t\t\t\t\t\t<\/div>\n\t\t\t\t<\/div>\n\t\t\t\t<div class=\"elementor-element elementor-element-6b15079 elementor-widget elementor-widget-image\" data-id=\"6b15079\" data-element_type=\"widget\" data-widget_type=\"image.default\">\n\t\t\t\t<div class=\"elementor-widget-container\">\n\t\t\t\t\t\t\t\t\t\t\t\t\t\t\t<img loading=\"lazy\" decoding=\"async\" width=\"950\" height=\"634\" src=\"https:\/\/pensiuneaioana.ro\/wp-content\/uploads\/2024\/05\/Dor-Travel-Craciun-in-Armenopolis-41-of-246-1024x683.jpg\" class=\"attachment-large size-large wp-image-305\" alt=\"\" srcset=\"https:\/\/pensiuneaioana.ro\/wp-content\/uploads\/2024\/05\/Dor-Travel-Craciun-in-Armenopolis-41-of-246-1024x683.jpg 1024w, https:\/\/pensiuneaioana.ro\/wp-content\/uploads\/2024\/05\/Dor-Travel-Craciun-in-Armenopolis-41-of-246-300x200.jpg 300w, https:\/\/pensiuneaioana.ro\/wp-content\/uploads\/2024\/05\/Dor-Travel-Craciun-in-Armenopolis-41-of-246-2000x1333.jpg 2000w, https:\/\/pensiuneaioana.ro\/wp-content\/uploads\/2024\/05\/Dor-Travel-Craciun-in-Armenopolis-41-of-246-scaled-1536x1024.jpg 1536w, https:\/\/pensiuneaioana.ro\/wp-content\/uploads\/2024\/05\/Dor-Travel-Craciun-in-Armenopolis-41-of-246-scaled-2048x1365.jpg 2048w\" sizes=\"100vw\" \/>\t\t\t\t\t\t\t\t\t\t\t\t\t\t\t<\/div>\n\t\t\t\t<\/div>\n\t\t\t\t\t<\/div>\n\t\t\t\t<\/div>\n\t\t<div class=\"elementor-element elementor-element-d4d601d e-flex e-con-boxed e-con e-parent\" data-id=\"d4d601d\" data-element_type=\"container\">\n\t\t\t\t\t<div class=\"e-con-inner\">\n\t\t\t\t<div class=\"elementor-element elementor-element-e7aedca elementor-widget elementor-widget-text-editor\" data-id=\"e7aedca\" data-element_type=\"widget\" data-widget_type=\"text-editor.default\">\n\t\t\t\t<div class=\"elementor-widget-container\">\n\t\t\t\t\t\t\t\t\t<p>Contacta\u021bi-ne pentru rezerv\u0103ri \u0219i \u00eentreb\u0103ri suplimentare.&nbsp;<\/p><p>echipa noastr\u0103 v\u0103 a\u0219teapt\u0103 cu bra\u021bele deschise pentru a v\u0103 oferi o experien\u021b\u0103 de neuitat!<\/p>\t\t\t\t\t\t\t\t<\/div>\n\t\t\t\t<\/div>\n\t\t\t\t\t<\/div>\n\t\t\t\t<\/div>\n\t\t\t\t<\/div>\n\t\t","protected":false},"excerpt":{"rendered":"<p>La Pensiunea Ioana, fiecare moment devine o poveste de neuitat! Situat\u0103 \u00een peisajul fermec\u0103tor al Gherlei, loca\u021bia noastr\u0103 ofer\u0103 un cadru perfect pentru cele mai speciale evenimente din via\u021ba dumneavoastr\u0103. Cu un restaurant intim \u0219i o gr\u0103din\u0103 \u00eensorit\u0103, suntem gazda ideal\u0103 pentru nun\u021bi romantice, botezuri pline de emo\u021bie, petreceri private \u0219i multe altele. Echipa noastr\u0103 &hellip; <\/p>\n<p class=\"link-more\"><a href=\"https:\/\/pensiuneaioana.ro\/index.php\/evenimente\/\" class=\"more-link\">Cite\u0219te mai multe<span class=\"screen-reader-text\">\u201eEVENIMENTE\u201d<\/span><\/a><\/p>\n","protected":false},"author":1,"featured_media":0,"parent":0,"menu_order":0,"comment_status":"closed","ping_status":"closed","template":"elementor_header_footer","meta":{"footnotes":""},"class_list":["post-284","page","type-page","status-publish","hentry"],"aioseo_notices":[],"_links":{"self":[{"href":"https:\/\/pensiuneaioana.ro\/index.php\/wp-json\/wp\/v2\/pages\/284","targetHints":{"allow":["GET"]}}],"collection":[{"href":"https:\/\/pensiuneaioana.ro\/index.php\/wp-json\/wp\/v2\/pages"}],"about":[{"href":"https:\/\/pensiuneaioana.ro\/index.php\/wp-json\/wp\/v2\/types\/page"}],"author":[{"embeddable":true,"href":"https:\/\/pensiuneaioana.ro\/index.php\/wp-json\/wp\/v2\/users\/1"}],"replies":[{"embeddable":true,"href":"https:\/\/pensiuneaioana.ro\/index.php\/wp-json\/wp\/v2\/comments?post=284"}],"version-history":[{"count":11,"href":"https:\/\/pensiuneaioana.ro\/index.php\/wp-json\/wp\/v2\/pages\/284\/revisions"}],"predecessor-version":[{"id":402,"href":"https:\/\/pensiuneaioana.ro\/index.php\/wp-json\/wp\/v2\/pages\/284\/revisions\/402"}],"wp:attachment":[{"href":"https:\/\/pensiuneaioana.ro\/index.php\/wp-json\/wp\/v2\/media?parent=284"}],"curies":[{"name":"wp","href":"https:\/\/api.w.org\/{rel}","templated":true}]}}