{"id":344,"date":"2024-04-04T11:58:51","date_gmt":"2024-04-04T11:58:51","guid":{"rendered":"https:\/\/pensiuneaioana.ro\/?page_id=344"},"modified":"2024-06-21T11:56:58","modified_gmt":"2024-06-21T11:56:58","slug":"sala-de-conferinte","status":"publish","type":"page","link":"https:\/\/pensiuneaioana.ro\/index.php\/sala-de-conferinte\/","title":{"rendered":"SAL\u0102 DE CONFERIN\u021aE"},"content":{"rendered":"\t\t<div data-elementor-type=\"wp-page\" data-elementor-id=\"344\" class=\"elementor elementor-344\">\n\t\t\t\t<div class=\"elementor-element elementor-element-fb3e125 e-con-full e-flex e-con e-parent\" data-id=\"fb3e125\" data-element_type=\"container\">\n\t\t\t\t<div class=\"elementor-element elementor-element-187daf3 elementor-widget__width-initial elementor-widget elementor-widget-image\" data-id=\"187daf3\" data-element_type=\"widget\" data-widget_type=\"image.default\">\n\t\t\t\t<div class=\"elementor-widget-container\">\n\t\t\t\t\t\t\t\t\t\t\t\t\t\t\t<img fetchpriority=\"high\" decoding=\"async\" width=\"2560\" height=\"1707\" src=\"https:\/\/pensiuneaioana.ro\/wp-content\/uploads\/2024\/06\/DSC_4746.jpg\" class=\"attachment-full size-full wp-image-346\" alt=\"\" srcset=\"https:\/\/pensiuneaioana.ro\/wp-content\/uploads\/2024\/06\/DSC_4746.jpg 2560w, https:\/\/pensiuneaioana.ro\/wp-content\/uploads\/2024\/06\/DSC_4746-300x200.jpg 300w, https:\/\/pensiuneaioana.ro\/wp-content\/uploads\/2024\/06\/DSC_4746-1024x683.jpg 1024w, https:\/\/pensiuneaioana.ro\/wp-content\/uploads\/2024\/06\/DSC_4746-2000x1334.jpg 2000w, https:\/\/pensiuneaioana.ro\/wp-content\/uploads\/2024\/06\/DSC_4746-1536x1024.jpg 1536w, https:\/\/pensiuneaioana.ro\/wp-content\/uploads\/2024\/06\/DSC_4746-2048x1366.jpg 2048w\" sizes=\"100vw\" \/>\t\t\t\t\t\t\t\t\t\t\t\t\t\t\t<\/div>\n\t\t\t\t<\/div>\n\t\t\t\t<\/div>\n\t\t<div class=\"elementor-element elementor-element-0056887 e-flex e-con-boxed e-con e-parent\" data-id=\"0056887\" data-element_type=\"container\">\n\t\t\t\t\t<div class=\"e-con-inner\">\n\t\t\t\t<div class=\"elementor-element elementor-element-9eb9e0f elementor-widget elementor-widget-spacer\" data-id=\"9eb9e0f\" data-element_type=\"widget\" data-widget_type=\"spacer.default\">\n\t\t\t\t<div class=\"elementor-widget-container\">\n\t\t\t\t\t\t\t<div class=\"elementor-spacer\">\n\t\t\t<div class=\"elementor-spacer-inner\"><\/div>\n\t\t<\/div>\n\t\t\t\t\t\t<\/div>\n\t\t\t\t<\/div>\n\t\t\t\t\t<\/div>\n\t\t\t\t<\/div>\n\t\t<div class=\"elementor-element elementor-element-c3d5c6d e-flex e-con-boxed e-con e-parent\" data-id=\"c3d5c6d\" data-element_type=\"container\">\n\t\t\t\t\t<div class=\"e-con-inner\">\n\t\t\t\t<div class=\"elementor-element elementor-element-ee8f003 elementor-widget elementor-widget-text-editor\" data-id=\"ee8f003\" data-element_type=\"widget\" data-widget_type=\"text-editor.default\">\n\t\t\t\t<div class=\"elementor-widget-container\">\n\t\t\t\t\t\t\t\t\t<p>Pensiunea Ioana din Gherla v\u0103 ofer\u0103 sala de conferin\u021be perfect\u0103 pentru orice tip de eveniment!<\/p><p>Cu facilit\u0103\u021bi moderne \u0219i o atmosfer\u0103 elegant\u0103, spa\u021biul nostru asigur\u0103 condi\u021bii ideale pentru succesul \u00eent\u00e2lnirilor dumneavoastr\u0103. Echipamentele de ultim\u0103 genera\u021bie \u0219i conexiunea Wi-Fi rapid\u0103 sunt la dispozi\u021bia dumneavoastr\u0103.<\/p><p>Situat\u0103 \u00eentr-un cadru natural deosebit, sala ofer\u0103 un mediu relaxant \u0219i productiv. Oferim pachete personalizate care includ catering \u0219i alte servicii de calitate. Rezerva\u021bi sala de conferin\u021be pentru a transforma evenimentele dumneavoastr\u0103 \u00een experien\u021be memorabile!<\/p>\t\t\t\t\t\t\t\t<\/div>\n\t\t\t\t<\/div>\n\t\t\t\t\t<\/div>\n\t\t\t\t<\/div>\n\t\t<div class=\"elementor-element elementor-element-09e9d61 e-flex e-con-boxed e-con e-parent\" data-id=\"09e9d61\" data-element_type=\"container\">\n\t\t\t\t\t<div class=\"e-con-inner\">\n\t\t\t\t<div class=\"elementor-element elementor-element-f8edb58 elementor-widget elementor-widget-spacer\" data-id=\"f8edb58\" data-element_type=\"widget\" data-widget_type=\"spacer.default\">\n\t\t\t\t<div class=\"elementor-widget-container\">\n\t\t\t\t\t\t\t<div class=\"elementor-spacer\">\n\t\t\t<div class=\"elementor-spacer-inner\"><\/div>\n\t\t<\/div>\n\t\t\t\t\t\t<\/div>\n\t\t\t\t<\/div>\n\t\t\t\t\t<\/div>\n\t\t\t\t<\/div>\n\t\t<div class=\"elementor-element elementor-element-edecd97 e-con-full e-flex e-con e-parent\" data-id=\"edecd97\" data-element_type=\"container\">\n\t\t<div class=\"elementor-element elementor-element-d3c5419 e-con-full e-flex e-con e-child\" data-id=\"d3c5419\" data-element_type=\"container\">\n\t\t\t\t<div class=\"elementor-element elementor-element-d1cb11a elementor-widget elementor-widget-image\" data-id=\"d1cb11a\" data-element_type=\"widget\" data-widget_type=\"image.default\">\n\t\t\t\t<div class=\"elementor-widget-container\">\n\t\t\t\t\t\t\t\t\t\t\t\t\t\t\t<img decoding=\"async\" width=\"2560\" height=\"1707\" src=\"https:\/\/pensiuneaioana.ro\/wp-content\/uploads\/2024\/06\/DSC_4761.jpg\" class=\"attachment-full size-full wp-image-353\" alt=\"\" srcset=\"https:\/\/pensiuneaioana.ro\/wp-content\/uploads\/2024\/06\/DSC_4761.jpg 2560w, https:\/\/pensiuneaioana.ro\/wp-content\/uploads\/2024\/06\/DSC_4761-300x200.jpg 300w, https:\/\/pensiuneaioana.ro\/wp-content\/uploads\/2024\/06\/DSC_4761-1024x683.jpg 1024w, https:\/\/pensiuneaioana.ro\/wp-content\/uploads\/2024\/06\/DSC_4761-2000x1334.jpg 2000w, https:\/\/pensiuneaioana.ro\/wp-content\/uploads\/2024\/06\/DSC_4761-1536x1024.jpg 1536w, https:\/\/pensiuneaioana.ro\/wp-content\/uploads\/2024\/06\/DSC_4761-2048x1366.jpg 2048w\" sizes=\"100vw\" \/>\t\t\t\t\t\t\t\t\t\t\t\t\t\t\t<\/div>\n\t\t\t\t<\/div>\n\t\t\t\t<\/div>\n\t\t<div class=\"elementor-element elementor-element-0599807 e-con-full e-flex e-con e-child\" data-id=\"0599807\" data-element_type=\"container\">\n\t\t\t\t<div class=\"elementor-element elementor-element-1a6b396 elementor-widget elementor-widget-image\" data-id=\"1a6b396\" data-element_type=\"widget\" data-widget_type=\"image.default\">\n\t\t\t\t<div class=\"elementor-widget-container\">\n\t\t\t\t\t\t\t\t\t\t\t\t\t\t\t<img decoding=\"async\" width=\"2560\" height=\"1707\" src=\"https:\/\/pensiuneaioana.ro\/wp-content\/uploads\/2024\/06\/DSC_4755.jpg\" class=\"attachment-full size-full wp-image-350\" alt=\"\" srcset=\"https:\/\/pensiuneaioana.ro\/wp-content\/uploads\/2024\/06\/DSC_4755.jpg 2560w, https:\/\/pensiuneaioana.ro\/wp-content\/uploads\/2024\/06\/DSC_4755-300x200.jpg 300w, https:\/\/pensiuneaioana.ro\/wp-content\/uploads\/2024\/06\/DSC_4755-1024x683.jpg 1024w, https:\/\/pensiuneaioana.ro\/wp-content\/uploads\/2024\/06\/DSC_4755-2000x1334.jpg 2000w, https:\/\/pensiuneaioana.ro\/wp-content\/uploads\/2024\/06\/DSC_4755-2048x1366.jpg 2048w, https:\/\/pensiuneaioana.ro\/wp-content\/uploads\/2024\/06\/DSC_4755-1536x1024.jpg 1536w\" sizes=\"100vw\" \/>\t\t\t\t\t\t\t\t\t\t\t\t\t\t\t<\/div>\n\t\t\t\t<\/div>\n\t\t\t\t<\/div>\n\t\t<div class=\"elementor-element elementor-element-59ee571 e-con-full e-flex e-con e-child\" data-id=\"59ee571\" data-element_type=\"container\">\n\t\t\t\t<div class=\"elementor-element elementor-element-4130972 elementor-widget elementor-widget-image\" data-id=\"4130972\" data-element_type=\"widget\" data-widget_type=\"image.default\">\n\t\t\t\t<div class=\"elementor-widget-container\">\n\t\t\t\t\t\t\t\t\t\t\t\t\t\t\t<img loading=\"lazy\" decoding=\"async\" width=\"2560\" height=\"1707\" src=\"https:\/\/pensiuneaioana.ro\/wp-content\/uploads\/2024\/06\/DSC_4757.jpg\" class=\"attachment-full size-full wp-image-351\" alt=\"\" srcset=\"https:\/\/pensiuneaioana.ro\/wp-content\/uploads\/2024\/06\/DSC_4757.jpg 2560w, https:\/\/pensiuneaioana.ro\/wp-content\/uploads\/2024\/06\/DSC_4757-300x200.jpg 300w, https:\/\/pensiuneaioana.ro\/wp-content\/uploads\/2024\/06\/DSC_4757-1024x683.jpg 1024w, https:\/\/pensiuneaioana.ro\/wp-content\/uploads\/2024\/06\/DSC_4757-2000x1334.jpg 2000w, https:\/\/pensiuneaioana.ro\/wp-content\/uploads\/2024\/06\/DSC_4757-1536x1024.jpg 1536w, https:\/\/pensiuneaioana.ro\/wp-content\/uploads\/2024\/06\/DSC_4757-2048x1366.jpg 2048w\" sizes=\"100vw\" \/>\t\t\t\t\t\t\t\t\t\t\t\t\t\t\t<\/div>\n\t\t\t\t<\/div>\n\t\t\t\t<\/div>\n\t\t<div class=\"elementor-element elementor-element-0b0c18a e-con-full e-flex e-con e-child\" data-id=\"0b0c18a\" data-element_type=\"container\">\n\t\t\t\t<div class=\"elementor-element elementor-element-1ac42a5 elementor-widget elementor-widget-image\" data-id=\"1ac42a5\" data-element_type=\"widget\" data-widget_type=\"image.default\">\n\t\t\t\t<div class=\"elementor-widget-container\">\n\t\t\t\t\t\t\t\t\t\t\t\t\t\t\t<img loading=\"lazy\" decoding=\"async\" width=\"2560\" height=\"1707\" src=\"https:\/\/pensiuneaioana.ro\/wp-content\/uploads\/2024\/06\/DSC_4748.jpg\" class=\"attachment-full size-full wp-image-347\" alt=\"\" srcset=\"https:\/\/pensiuneaioana.ro\/wp-content\/uploads\/2024\/06\/DSC_4748.jpg 2560w, https:\/\/pensiuneaioana.ro\/wp-content\/uploads\/2024\/06\/DSC_4748-300x200.jpg 300w, https:\/\/pensiuneaioana.ro\/wp-content\/uploads\/2024\/06\/DSC_4748-1024x683.jpg 1024w, https:\/\/pensiuneaioana.ro\/wp-content\/uploads\/2024\/06\/DSC_4748-2000x1334.jpg 2000w, https:\/\/pensiuneaioana.ro\/wp-content\/uploads\/2024\/06\/DSC_4748-1536x1024.jpg 1536w, https:\/\/pensiuneaioana.ro\/wp-content\/uploads\/2024\/06\/DSC_4748-2048x1366.jpg 2048w\" sizes=\"100vw\" \/>\t\t\t\t\t\t\t\t\t\t\t\t\t\t\t<\/div>\n\t\t\t\t<\/div>\n\t\t\t\t<\/div>\n\t\t\t\t<\/div>\n\t\t<div class=\"elementor-element elementor-element-fb001cd e-flex e-con-boxed e-con e-parent\" data-id=\"fb001cd\" data-element_type=\"container\">\n\t\t\t\t\t<div class=\"e-con-inner\">\n\t\t\t\t<div class=\"elementor-element elementor-element-31170ef elementor-widget elementor-widget-spacer\" data-id=\"31170ef\" data-element_type=\"widget\" data-widget_type=\"spacer.default\">\n\t\t\t\t<div class=\"elementor-widget-container\">\n\t\t\t\t\t\t\t<div class=\"elementor-spacer\">\n\t\t\t<div class=\"elementor-spacer-inner\"><\/div>\n\t\t<\/div>\n\t\t\t\t\t\t<\/div>\n\t\t\t\t<\/div>\n\t\t\t\t\t<\/div>\n\t\t\t\t<\/div>\n\t\t<div class=\"elementor-element elementor-element-d4d601d e-flex e-con-boxed e-con e-parent\" data-id=\"d4d601d\" data-element_type=\"container\">\n\t\t\t\t\t<div class=\"e-con-inner\">\n\t\t\t\t<div class=\"elementor-element elementor-element-e7aedca elementor-widget elementor-widget-text-editor\" data-id=\"e7aedca\" data-element_type=\"widget\" data-widget_type=\"text-editor.default\">\n\t\t\t\t<div class=\"elementor-widget-container\">\n\t\t\t\t\t\t\t\t\t<p>Contacta\u021bi-ne pentru rezerv\u0103ri \u0219i \u00eentreb\u0103ri suplimentare.&nbsp;<\/p><p>echipa noastr\u0103 v\u0103 a\u0219teapt\u0103 cu bra\u021bele deschise pentru a v\u0103 oferi o experien\u021b\u0103 de neuitat!<\/p>\t\t\t\t\t\t\t\t<\/div>\n\t\t\t\t<\/div>\n\t\t\t\t\t<\/div>\n\t\t\t\t<\/div>\n\t\t<div class=\"elementor-element elementor-element-e5e5fa6 e-flex e-con-boxed e-con e-parent\" data-id=\"e5e5fa6\" data-element_type=\"container\">\n\t\t\t\t\t<div class=\"e-con-inner\">\n\t\t\t\t<div class=\"elementor-element elementor-element-24fa1f1 elementor-widget elementor-widget-spacer\" data-id=\"24fa1f1\" data-element_type=\"widget\" data-widget_type=\"spacer.default\">\n\t\t\t\t<div class=\"elementor-widget-container\">\n\t\t\t\t\t\t\t<div class=\"elementor-spacer\">\n\t\t\t<div class=\"elementor-spacer-inner\"><\/div>\n\t\t<\/div>\n\t\t\t\t\t\t<\/div>\n\t\t\t\t<\/div>\n\t\t\t\t\t<\/div>\n\t\t\t\t<\/div>\n\t\t\t\t<\/div>\n\t\t","protected":false},"excerpt":{"rendered":"<p>Pensiunea Ioana din Gherla v\u0103 ofer\u0103 sala de conferin\u021be perfect\u0103 pentru orice tip de eveniment! Cu facilit\u0103\u021bi moderne \u0219i o atmosfer\u0103 elegant\u0103, spa\u021biul nostru asigur\u0103 condi\u021bii ideale pentru succesul \u00eent\u00e2lnirilor dumneavoastr\u0103. Echipamentele de ultim\u0103 genera\u021bie \u0219i conexiunea Wi-Fi rapid\u0103 sunt la dispozi\u021bia dumneavoastr\u0103. Situat\u0103 \u00eentr-un cadru natural deosebit, sala ofer\u0103 un mediu relaxant \u0219i productiv. &hellip; <\/p>\n<p class=\"link-more\"><a href=\"https:\/\/pensiuneaioana.ro\/index.php\/sala-de-conferinte\/\" class=\"more-link\">Cite\u0219te mai multe<span class=\"screen-reader-text\">\u201eSAL\u0102 DE CONFERIN\u021aE\u201d<\/span><\/a><\/p>\n","protected":false},"author":1,"featured_media":0,"parent":0,"menu_order":0,"comment_status":"closed","ping_status":"closed","template":"elementor_header_footer","meta":{"footnotes":""},"class_list":["post-344","page","type-page","status-publish","hentry"],"aioseo_notices":[],"_links":{"self":[{"href":"https:\/\/pensiuneaioana.ro\/index.php\/wp-json\/wp\/v2\/pages\/344","targetHints":{"allow":["GET"]}}],"collection":[{"href":"https:\/\/pensiuneaioana.ro\/index.php\/wp-json\/wp\/v2\/pages"}],"about":[{"href":"https:\/\/pensiuneaioana.ro\/index.php\/wp-json\/wp\/v2\/types\/page"}],"author":[{"embeddable":true,"href":"https:\/\/pensiuneaioana.ro\/index.php\/wp-json\/wp\/v2\/users\/1"}],"replies":[{"embeddable":true,"href":"https:\/\/pensiuneaioana.ro\/index.php\/wp-json\/wp\/v2\/comments?post=344"}],"version-history":[{"count":11,"href":"https:\/\/pensiuneaioana.ro\/index.php\/wp-json\/wp\/v2\/pages\/344\/revisions"}],"predecessor-version":[{"id":418,"href":"https:\/\/pensiuneaioana.ro\/index.php\/wp-json\/wp\/v2\/pages\/344\/revisions\/418"}],"wp:attachment":[{"href":"https:\/\/pensiuneaioana.ro\/index.php\/wp-json\/wp\/v2\/media?parent=344"}],"curies":[{"name":"wp","href":"https:\/\/api.w.org\/{rel}","templated":true}]}}